{"id":32668,"date":"2025-05-13T15:48:15","date_gmt":"2025-05-13T13:48:15","guid":{"rendered":"https:\/\/prov.tljserv.dk\/?page_id=32668"},"modified":"2026-04-09T10:06:58","modified_gmt":"2026-04-09T08:06:58","slug":"service","status":"publish","type":"page","link":"https:\/\/prov.tljserv.dk\/en\/service\/","title":{"rendered":"Service &#038; vedligehold"},"content":{"rendered":"<div data-elementor-type=\"wp-page\" data-elementor-id=\"32668\" class=\"elementor elementor-32668\" data-elementor-post-type=\"page\">\n\t\t\t\t\t\t<section class=\"elementor-section elementor-top-section elementor-element elementor-element-7ecbf067 elementor-section-content-middle elementor-section-full_width elementor-reverse-mobile elementor-reverse-tablet elementor-section-height-default elementor-section-height-default\" data-id=\"7ecbf067\" data-element_type=\"section\" data-e-type=\"section\" data-settings=\"{&quot;background_background&quot;:&quot;classic&quot;}\">\n\t\t\t\t\t\t<div class=\"elementor-container elementor-column-gap-no\">\n\t\t\t\t\t<div class=\"elementor-column elementor-col-50 elementor-top-column elementor-element elementor-element-56735056\" data-id=\"56735056\" data-element_type=\"column\" data-e-type=\"column\">\n\t\t\t<div class=\"elementor-widget-wrap elementor-element-populated\">\n\t\t\t\t\t\t<div class=\"elementor-element elementor-element-7849f08a elementor-widget elementor-widget-image\" data-id=\"7849f08a\" data-element_type=\"widget\" data-e-type=\"widget\" data-widget_type=\"image.default\">\n\t\t\t\t<div class=\"elementor-widget-container\">\n\t\t\t\t\t\t\t\t\t\t\t\t\t\t\t<img fetchpriority=\"high\" decoding=\"async\" width=\"805\" height=\"1024\" src=\"https:\/\/prov.tljserv.dk\/wp-content\/uploads\/2023\/11\/Service-indstallation-af-procesudstyr-PIAB-805x1024.jpg\" class=\"attachment-large size-large wp-image-20761\" alt=\"Service installation of process equipment PIAB\" srcset=\"https:\/\/prov.tljserv.dk\/wp-content\/uploads\/2023\/11\/Service-indstallation-af-procesudstyr-PIAB-805x1024.jpg 805w, https:\/\/prov.tljserv.dk\/wp-content\/uploads\/2023\/11\/Service-indstallation-af-procesudstyr-PIAB-236x300.jpg 236w, https:\/\/prov.tljserv.dk\/wp-content\/uploads\/2023\/11\/Service-indstallation-af-procesudstyr-PIAB-768x977.jpg 768w, https:\/\/prov.tljserv.dk\/wp-content\/uploads\/2023\/11\/Service-indstallation-af-procesudstyr-PIAB-1207x1536.jpg 1207w, https:\/\/prov.tljserv.dk\/wp-content\/uploads\/2023\/11\/Service-indstallation-af-procesudstyr-PIAB-1610x2048.jpg 1610w, https:\/\/prov.tljserv.dk\/wp-content\/uploads\/2023\/11\/Service-indstallation-af-procesudstyr-PIAB.jpg 1806w\" sizes=\"(max-width: 805px) 100vw, 805px\" \/>\t\t\t\t\t\t\t\t\t\t\t\t\t\t\t<\/div>\n\t\t\t\t<\/div>\n\t\t\t\t\t<\/div>\n\t\t<\/div>\n\t\t\t\t<div class=\"elementor-column elementor-col-50 elementor-top-column elementor-element elementor-element-ada78cb\" data-id=\"ada78cb\" data-element_type=\"column\" data-e-type=\"column\">\n\t\t\t<div class=\"elementor-widget-wrap elementor-element-populated\">\n\t\t\t\t\t\t<div class=\"elementor-element elementor-element-6fbd1d1 elementor-widget elementor-widget-heading\" data-id=\"6fbd1d1\" data-element_type=\"widget\" data-e-type=\"widget\" data-widget_type=\"heading.default\">\n\t\t\t\t<div class=\"elementor-widget-container\">\n\t\t\t\t\t<h1 class=\"elementor-heading-title elementor-size-default\">Installation and Service on PIAB equipment<\/h1>\t\t\t\t<\/div>\n\t\t\t\t<\/div>\n\t\t\t\t<div class=\"elementor-element elementor-element-79bc464a elementor-widget elementor-widget-text-editor\" data-id=\"79bc464a\" data-element_type=\"widget\" data-e-type=\"widget\" data-widget_type=\"text-editor.default\">\n\t\t\t\t<div class=\"elementor-widget-container\">\n\t\t\t\t\t\t\t\t\t<p>Installation, service and commissioning of PIAB equipment - professional help from start to finish<\/p>\t\t\t\t\t\t\t\t<\/div>\n\t\t\t\t<\/div>\n\t\t\t\t\t<\/div>\n\t\t<\/div>\n\t\t\t\t\t<\/div>\n\t\t<\/section>\n\t\t\t\t<section class=\"elementor-section elementor-top-section elementor-element elementor-element-37b59706 elementor-section-content-middle elementor-section-full_width elementor-section-height-default elementor-section-height-default\" data-id=\"37b59706\" data-element_type=\"section\" data-e-type=\"section\" data-settings=\"{&quot;background_background&quot;:&quot;classic&quot;}\">\n\t\t\t\t\t\t<div class=\"elementor-container elementor-column-gap-no\">\n\t\t\t\t\t<div class=\"elementor-column elementor-col-50 elementor-top-column elementor-element elementor-element-6033c9f3\" data-id=\"6033c9f3\" data-element_type=\"column\" data-e-type=\"column\">\n\t\t\t<div class=\"elementor-widget-wrap elementor-element-populated\">\n\t\t\t\t\t\t<div class=\"elementor-element elementor-element-34872197 elementor-widget elementor-widget-heading\" data-id=\"34872197\" data-element_type=\"widget\" data-e-type=\"widget\" data-widget_type=\"heading.default\">\n\t\t\t\t<div class=\"elementor-widget-container\">\n\t\t\t\t\t<h1 class=\"elementor-heading-title elementor-size-default\">About our service <\/h1>\t\t\t\t<\/div>\n\t\t\t\t<\/div>\n\t\t\t\t<div class=\"elementor-element elementor-element-3e8b0041 elementor-widget elementor-widget-text-editor\" data-id=\"3e8b0041\" data-element_type=\"widget\" data-e-type=\"widget\" data-widget_type=\"text-editor.default\">\n\t\t\t\t<div class=\"elementor-widget-container\">\n\t\t\t\t\t\t\t\t\t<p class=\"\" data-start=\"234\" data-end=\"387\">We specialise in the installation, commissioning and service of PIAB vacuum transport systems and have many years of experience in the Danish, Swedish and German markets.<\/p><p class=\"\" data-start=\"389\" data-end=\"592\">Whether you've purchased a new system or need to service an existing one, we offer both installation and service packages to ensure efficient and stable operation - from day one and for many years to come.<\/p><p class=\"\" data-start=\"594\" data-end=\"766\">With some of the strongest expertise in the industry, we are your safe choice when it comes to reliable solutions and professional support. <strong>also on systems from other manufacturers<\/strong>.<\/p>\t\t\t\t\t\t\t\t<\/div>\n\t\t\t\t<\/div>\n\t\t\t\t\t<\/div>\n\t\t<\/div>\n\t\t\t\t<div class=\"elementor-column elementor-col-50 elementor-top-column elementor-element elementor-element-1fec51c9\" data-id=\"1fec51c9\" data-element_type=\"column\" data-e-type=\"column\">\n\t\t\t<div class=\"elementor-widget-wrap elementor-element-populated\">\n\t\t\t\t\t\t<div class=\"elementor-element elementor-element-505887c6 elementor-widget elementor-widget-image\" data-id=\"505887c6\" data-element_type=\"widget\" data-e-type=\"widget\" data-widget_type=\"image.default\">\n\t\t\t\t<div class=\"elementor-widget-container\">\n\t\t\t\t\t\t\t\t\t\t\t\t\t\t\t<img decoding=\"async\" width=\"899\" height=\"1024\" src=\"https:\/\/prov.tljserv.dk\/wp-content\/uploads\/2024\/07\/Pulverdoserings-system-med-PIAB-vakuumtransport--899x1024.jpg\" class=\"attachment-large size-large wp-image-27873\" alt=\"Powder dosing with PIAB vacuum transport\" srcset=\"https:\/\/prov.tljserv.dk\/wp-content\/uploads\/2024\/07\/Pulverdoserings-system-med-PIAB-vakuumtransport--899x1024.jpg 899w, https:\/\/prov.tljserv.dk\/wp-content\/uploads\/2024\/07\/Pulverdoserings-system-med-PIAB-vakuumtransport--263x300.jpg 263w, https:\/\/prov.tljserv.dk\/wp-content\/uploads\/2024\/07\/Pulverdoserings-system-med-PIAB-vakuumtransport--768x875.jpg 768w, https:\/\/prov.tljserv.dk\/wp-content\/uploads\/2024\/07\/Pulverdoserings-system-med-PIAB-vakuumtransport--1349x1536.jpg 1349w, https:\/\/prov.tljserv.dk\/wp-content\/uploads\/2024\/07\/Pulverdoserings-system-med-PIAB-vakuumtransport--1798x2048.jpg 1798w, https:\/\/prov.tljserv.dk\/wp-content\/uploads\/2024\/07\/Pulverdoserings-system-med-PIAB-vakuumtransport-.jpg 1816w\" sizes=\"(max-width: 899px) 100vw, 899px\" \/>\t\t\t\t\t\t\t\t\t\t\t\t\t\t\t<\/div>\n\t\t\t\t<\/div>\n\t\t\t\t\t<\/div>\n\t\t<\/div>\n\t\t\t\t\t<\/div>\n\t\t<\/section>\n\t\t\t\t<section class=\"elementor-section elementor-top-section elementor-element elementor-element-614699bf elementor-section-full_width elementor-section-height-default elementor-section-height-default\" data-id=\"614699bf\" data-element_type=\"section\" data-e-type=\"section\">\n\t\t\t\t\t\t<div class=\"elementor-container elementor-column-gap-no\">\n\t\t\t\t\t<div class=\"elementor-column elementor-col-100 elementor-top-column elementor-element elementor-element-42a6485e\" data-id=\"42a6485e\" data-element_type=\"column\" data-e-type=\"column\">\n\t\t\t<div class=\"elementor-widget-wrap elementor-element-populated\">\n\t\t\t\t\t\t<div class=\"elementor-element elementor-element-55a527ba elementor-widget elementor-widget-heading\" data-id=\"55a527ba\" data-element_type=\"widget\" data-e-type=\"widget\" data-widget_type=\"heading.default\">\n\t\t\t\t<div class=\"elementor-widget-container\">\n\t\t\t\t\t<h3 class=\"elementor-heading-title elementor-size-default\">Our service <\/h3>\t\t\t\t<\/div>\n\t\t\t\t<\/div>\n\t\t\t\t<div class=\"elementor-element elementor-element-356f6937 elementor-widget elementor-widget-heading\" data-id=\"356f6937\" data-element_type=\"widget\" data-e-type=\"widget\" data-widget_type=\"heading.default\">\n\t\t\t\t<div class=\"elementor-widget-container\">\n\t\t\t\t\t<p class=\"elementor-heading-title elementor-size-default\">Which service level is best for you? <\/p>\t\t\t\t<\/div>\n\t\t\t\t<\/div>\n\t\t\t\t<section class=\"elementor-section elementor-inner-section elementor-element elementor-element-6cb38a4f elementor-section-full_width elementor-section-height-default elementor-section-height-default\" data-id=\"6cb38a4f\" data-element_type=\"section\" data-e-type=\"section\">\n\t\t\t\t\t\t<div class=\"elementor-container elementor-column-gap-no\">\n\t\t\t\t\t<div class=\"elementor-column elementor-col-25 elementor-inner-column elementor-element elementor-element-1d46101c\" data-id=\"1d46101c\" data-element_type=\"column\" data-e-type=\"column\">\n\t\t\t<div class=\"elementor-widget-wrap elementor-element-populated\">\n\t\t\t\t\t\t<div class=\"elementor-element elementor-element-79467ab elementor-position-top elementor-widget elementor-widget-image-box\" data-id=\"79467ab\" data-element_type=\"widget\" data-e-type=\"widget\" data-widget_type=\"image-box.default\">\n\t\t\t\t<div class=\"elementor-widget-container\">\n\t\t\t\t\t<div class=\"elementor-image-box-wrapper\"><figure class=\"elementor-image-box-img\"><a href=\"#\" tabindex=\"-1\"><img decoding=\"async\" width=\"571\" height=\"359\" src=\"https:\/\/prov.tljserv.dk\/wp-content\/uploads\/2022\/01\/Pulvertransport_PIAB_Vakuumtransport.jpg\" class=\"elementor-animation-grow attachment-full size-full wp-image-5521\" alt=\"PIAb Service and installation work, offering to all our customers\" srcset=\"https:\/\/prov.tljserv.dk\/wp-content\/uploads\/2022\/01\/Pulvertransport_PIAB_Vakuumtransport.jpg 571w, https:\/\/prov.tljserv.dk\/wp-content\/uploads\/2022\/01\/Pulvertransport_PIAB_Vakuumtransport-300x189.jpg 300w\" sizes=\"(max-width: 571px) 100vw, 571px\" \/><\/a><\/figure><div class=\"elementor-image-box-content\"><h4 class=\"elementor-image-box-title\"><a href=\"#\">Service 1<\/a><\/h4><p class=\"elementor-image-box-description\">Replacement of wear parts. We only replace wear parts that are necessary, such as filters and seals, to ensure safe operation and extend the life of the machine. Our approach is based on professional judgement and experience - we only replace when necessary and when it can prevent downtime or reduced performance. You get an efficient solution without unnecessary costs.\n\n<\/p><\/div><\/div>\t\t\t\t<\/div>\n\t\t\t\t<\/div>\n\t\t\t\t\t<\/div>\n\t\t<\/div>\n\t\t\t\t<div class=\"elementor-column elementor-col-25 elementor-inner-column elementor-element elementor-element-585bf6e2\" data-id=\"585bf6e2\" data-element_type=\"column\" data-e-type=\"column\">\n\t\t\t<div class=\"elementor-widget-wrap elementor-element-populated\">\n\t\t\t\t\t\t<div class=\"elementor-element elementor-element-6bd6b712 elementor-position-top elementor-widget elementor-widget-image-box\" data-id=\"6bd6b712\" data-element_type=\"widget\" data-e-type=\"widget\" data-widget_type=\"image-box.default\">\n\t\t\t\t<div class=\"elementor-widget-container\">\n\t\t\t\t\t<div class=\"elementor-image-box-wrapper\"><figure class=\"elementor-image-box-img\"><a href=\"#\" tabindex=\"-1\"><img loading=\"lazy\" decoding=\"async\" width=\"1920\" height=\"1080\" src=\"https:\/\/prov.tljserv.dk\/wp-content\/uploads\/2024\/03\/PIAB-og-PROVAK-test-faciliteter.webp\" class=\"elementor-animation-grow attachment-full size-full wp-image-26088\" alt=\"PIAB and PROVAK test facilities\" srcset=\"https:\/\/prov.tljserv.dk\/wp-content\/uploads\/2024\/03\/PIAB-og-PROVAK-test-faciliteter.webp 1920w, https:\/\/prov.tljserv.dk\/wp-content\/uploads\/2024\/03\/PIAB-og-PROVAK-test-faciliteter-300x169.webp 300w, https:\/\/prov.tljserv.dk\/wp-content\/uploads\/2024\/03\/PIAB-og-PROVAK-test-faciliteter-1024x576.webp 1024w, https:\/\/prov.tljserv.dk\/wp-content\/uploads\/2024\/03\/PIAB-og-PROVAK-test-faciliteter-768x432.webp 768w, https:\/\/prov.tljserv.dk\/wp-content\/uploads\/2024\/03\/PIAB-og-PROVAK-test-faciliteter-1536x864.webp 1536w\" sizes=\"(max-width: 1920px) 100vw, 1920px\" \/><\/a><\/figure><div class=\"elementor-image-box-content\"><h4 class=\"elementor-image-box-title\"><a href=\"#\">Service 2<\/a><\/h4><p class=\"elementor-image-box-description\">Checking pump function and optimal operation. We carry out a thorough check of the pump function to ensure that the system is running stably and efficiently. We also check that all operating parameters are correctly set in the controller so that the system performs optimally and energy efficiently. This gives you both operational reliability and peace of mind in your everyday life.<\/p><\/div><\/div>\t\t\t\t<\/div>\n\t\t\t\t<\/div>\n\t\t\t\t\t<\/div>\n\t\t<\/div>\n\t\t\t\t<div class=\"elementor-column elementor-col-25 elementor-inner-column elementor-element elementor-element-2b806099\" data-id=\"2b806099\" data-element_type=\"column\" data-e-type=\"column\">\n\t\t\t<div class=\"elementor-widget-wrap elementor-element-populated\">\n\t\t\t\t\t\t<div class=\"elementor-element elementor-element-244c8b19 elementor-position-top elementor-widget elementor-widget-image-box\" data-id=\"244c8b19\" data-element_type=\"widget\" data-e-type=\"widget\" data-widget_type=\"image-box.default\">\n\t\t\t\t<div class=\"elementor-widget-container\">\n\t\t\t\t\t<div class=\"elementor-image-box-wrapper\"><figure class=\"elementor-image-box-img\"><a href=\"#\" tabindex=\"-1\"><img loading=\"lazy\" decoding=\"async\" width=\"1280\" height=\"720\" src=\"https:\/\/prov.tljserv.dk\/wp-content\/uploads\/2022\/06\/maxresdefault-1.jpg\" class=\"elementor-animation-grow attachment-full size-full wp-image-9541\" alt=\"\" srcset=\"https:\/\/prov.tljserv.dk\/wp-content\/uploads\/2022\/06\/maxresdefault-1.jpg 1280w, https:\/\/prov.tljserv.dk\/wp-content\/uploads\/2022\/06\/maxresdefault-1-300x169.jpg 300w, https:\/\/prov.tljserv.dk\/wp-content\/uploads\/2022\/06\/maxresdefault-1-1024x576.jpg 1024w, https:\/\/prov.tljserv.dk\/wp-content\/uploads\/2022\/06\/maxresdefault-1-768x432.jpg 768w\" sizes=\"(max-width: 1280px) 100vw, 1280px\" \/><\/a><\/figure><div class=\"elementor-image-box-content\"><h4 class=\"elementor-image-box-title\"><a href=\"#\">Service 3<\/a><\/h4><p class=\"elementor-image-box-description\">Thorough inspection and documentation\nWe carefully inspect all parts of the system and ensure that they meet our quality standards. If we identify worn or faulty components, we document it with pictures and a clear assessment. You'll receive a written service report that gives you a full overview of the condition, recommendations and any necessary replacements.<\/p><\/div><\/div>\t\t\t\t<\/div>\n\t\t\t\t<\/div>\n\t\t\t\t\t<\/div>\n\t\t<\/div>\n\t\t\t\t<div class=\"elementor-column elementor-col-25 elementor-inner-column elementor-element elementor-element-43556879\" data-id=\"43556879\" data-element_type=\"column\" data-e-type=\"column\">\n\t\t\t<div class=\"elementor-widget-wrap elementor-element-populated\">\n\t\t\t\t\t\t<div class=\"elementor-element elementor-element-39cc6b93 elementor-position-top elementor-widget elementor-widget-image-box\" data-id=\"39cc6b93\" data-element_type=\"widget\" data-e-type=\"widget\" data-widget_type=\"image-box.default\">\n\t\t\t\t<div class=\"elementor-widget-container\">\n\t\t\t\t\t<div class=\"elementor-image-box-wrapper\"><figure class=\"elementor-image-box-img\"><a href=\"#\" tabindex=\"-1\"><img loading=\"lazy\" decoding=\"async\" width=\"1200\" height=\"650\" src=\"https:\/\/prov.tljserv.dk\/wp-content\/uploads\/2024\/11\/header_containerhandling.jpg\" class=\"elementor-animation-grow attachment-full size-full wp-image-29738\" alt=\"\" srcset=\"https:\/\/prov.tljserv.dk\/wp-content\/uploads\/2024\/11\/header_containerhandling.jpg 1200w, https:\/\/prov.tljserv.dk\/wp-content\/uploads\/2024\/11\/header_containerhandling-300x163.jpg 300w, https:\/\/prov.tljserv.dk\/wp-content\/uploads\/2024\/11\/header_containerhandling-1024x555.jpg 1024w, https:\/\/prov.tljserv.dk\/wp-content\/uploads\/2024\/11\/header_containerhandling-768x416.jpg 768w, https:\/\/prov.tljserv.dk\/wp-content\/uploads\/2024\/11\/header_containerhandling-18x10.jpg 18w\" sizes=\"(max-width: 1200px) 100vw, 1200px\" \/><\/a><\/figure><div class=\"elementor-image-box-content\"><h4 class=\"elementor-image-box-title\"><a href=\"#\">Service 4<\/a><\/h4><p class=\"elementor-image-box-description\">All-round service of critical equipment\nWe offer a complete service package for the equipment and facilities that are most critical to your operations. Our goal is to ensure that everything works optimally, stably and energy-efficiently. With regular maintenance and targeted service, we extend the lifespan of your equipment and minimise the risk of downtime.<\/p><\/div><\/div>\t\t\t\t<\/div>\n\t\t\t\t<\/div>\n\t\t\t\t\t<\/div>\n\t\t<\/div>\n\t\t\t\t\t<\/div>\n\t\t<\/section>\n\t\t\t\t\t<\/div>\n\t\t<\/div>\n\t\t\t\t\t<\/div>\n\t\t<\/section>\n\t\t\t\t<section class=\"elementor-section elementor-top-section elementor-element elementor-element-764f66c1 elementor-section-content-middle elementor-reverse-tablet elementor-reverse-mobile elementor-section-full_width elementor-section-height-default elementor-section-height-default\" data-id=\"764f66c1\" data-element_type=\"section\" data-e-type=\"section\">\n\t\t\t\t\t\t<div class=\"elementor-container elementor-column-gap-no\">\n\t\t\t\t\t<div class=\"elementor-column elementor-col-50 elementor-top-column elementor-element elementor-element-6eb775a1\" data-id=\"6eb775a1\" data-element_type=\"column\" data-e-type=\"column\">\n\t\t\t<div class=\"elementor-widget-wrap elementor-element-populated\">\n\t\t\t\t\t\t<div class=\"elementor-element elementor-element-170e3728 elementor-widget elementor-widget-image\" data-id=\"170e3728\" data-element_type=\"widget\" data-e-type=\"widget\" data-widget_type=\"image.default\">\n\t\t\t\t<div class=\"elementor-widget-container\">\n\t\t\t\t\t\t\t\t\t\t\t\t\t\t\t<img loading=\"lazy\" decoding=\"async\" width=\"540\" height=\"360\" src=\"https:\/\/prov.tljserv.dk\/wp-content\/uploads\/2025\/05\/atex-udstyr.jpg\" class=\"attachment-large size-large wp-image-32525\" alt=\"atex equipment\" srcset=\"https:\/\/prov.tljserv.dk\/wp-content\/uploads\/2025\/05\/atex-udstyr.jpg 540w, https:\/\/prov.tljserv.dk\/wp-content\/uploads\/2025\/05\/atex-udstyr-300x200.jpg 300w, https:\/\/prov.tljserv.dk\/wp-content\/uploads\/2025\/05\/atex-udstyr-18x12.jpg 18w\" sizes=\"(max-width: 540px) 100vw, 540px\" \/>\t\t\t\t\t\t\t\t\t\t\t\t\t\t\t<\/div>\n\t\t\t\t<\/div>\n\t\t\t\t\t<\/div>\n\t\t<\/div>\n\t\t\t\t<div class=\"elementor-column elementor-col-50 elementor-top-column elementor-element elementor-element-4f2f14ce\" data-id=\"4f2f14ce\" data-element_type=\"column\" data-e-type=\"column\">\n\t\t\t<div class=\"elementor-widget-wrap elementor-element-populated\">\n\t\t\t\t\t\t<div class=\"elementor-element elementor-element-534e838f elementor-widget elementor-widget-heading\" data-id=\"534e838f\" data-element_type=\"widget\" data-e-type=\"widget\" data-widget_type=\"heading.default\">\n\t\t\t\t<div class=\"elementor-widget-container\">\n\t\t\t\t\t<h3 class=\"elementor-heading-title elementor-size-default\">Order service<\/h3>\t\t\t\t<\/div>\n\t\t\t\t<\/div>\n\t\t\t\t<div class=\"elementor-element elementor-element-189ee5f9 elementor-widget elementor-widget-text-editor\" data-id=\"189ee5f9\" data-element_type=\"widget\" data-e-type=\"widget\" data-widget_type=\"text-editor.default\">\n\t\t\t\t<div class=\"elementor-widget-container\">\n\t\t\t\t\t\t\t\t\t<p>Safety is our number one priority.\u00a0<\/p>\t\t\t\t\t\t\t\t<\/div>\n\t\t\t\t<\/div>\n\t\t\t\t<div class=\"elementor-element elementor-element-ffe909d elementor-mobile-align-center elementor-widget elementor-widget-button\" data-id=\"ffe909d\" data-element_type=\"widget\" data-e-type=\"widget\" data-widget_type=\"button.default\">\n\t\t\t\t<div class=\"elementor-widget-container\">\n\t\t\t\t\t\t\t\t\t<div class=\"elementor-button-wrapper\">\n\t\t\t\t\t<a class=\"elementor-button elementor-button-link elementor-size-sm\" href=\"https:\/\/prov.tljserv.dk\/en\/contact-the-specialist-in-piab-vacuum-technology\/\">\n\t\t\t\t\t\t<span class=\"elementor-button-content-wrapper\">\n\t\t\t\t\t\t\t\t\t<span class=\"elementor-button-text\">Make contact<\/span>\n\t\t\t\t\t<\/span>\n\t\t\t\t\t<\/a>\n\t\t\t\t<\/div>\n\t\t\t\t\t\t\t\t<\/div>\n\t\t\t\t<\/div>\n\t\t\t\t\t<\/div>\n\t\t<\/div>\n\t\t\t\t\t<\/div>\n\t\t<\/section>\n\t\t\t\t<\/div>","protected":false},"excerpt":{"rendered":"<p>Montage og Service p\u00e5 PIAB udstyr Installation, service og indk\u00f8ring af PIAB udstyr \u2013 professionel hj\u00e6lp fra start til slut Om vores service Vi er specialister i installation, indk\u00f8ring og service af PIAB vakuumtransportsystemer og har mange \u00e5rs erfaring p\u00e5 det danske, svenske og tyske marked. Uanset om I har k\u00f8bt et nyt anl\u00e6g eller [&hellip;]<\/p>\n","protected":false},"author":2,"featured_media":0,"parent":0,"menu_order":0,"comment_status":"closed","ping_status":"closed","template":"","meta":{"_oct_exclude_from_cache":false,"site-sidebar-layout":"no-sidebar","site-content-layout":"page-builder","ast-site-content-layout":"full-width-container","site-content-style":"default","site-sidebar-style":"default","ast-global-header-display":"","ast-banner-title-visibility":"","ast-main-header-display":"","ast-hfb-above-header-display":"","ast-hfb-below-header-display":"","ast-hfb-mobile-header-display":"","site-post-title":"disabled","ast-breadcrumbs-content":"","ast-featured-img":"disabled","footer-sml-layout":"","ast-disable-related-posts":"","theme-transparent-header-meta":"","adv-header-id-meta":"","stick-header-meta":"","header-above-stick-meta":"","header-main-stick-meta":"","header-below-stick-meta":"","astra-migrate-meta-layouts":"set","ast-page-background-enabled":"default","ast-page-background-meta":{"desktop":{"background-color":"var(--ast-global-color-4)","background-image":"","background-repeat":"repeat","background-position":"center center","background-size":"auto","background-attachment":"scroll","background-type":"","background-media":"","overlay-type":"","overlay-color":"","overlay-opacity":"","overlay-gradient":""},"tablet":{"background-color":"","background-image":"","background-repeat":"repeat","background-position":"center center","background-size":"auto","background-attachment":"scroll","background-type":"","background-media":"","overlay-type":"","overlay-color":"","overlay-opacity":"","overlay-gradient":""},"mobile":{"background-color":"","background-image":"","background-repeat":"repeat","background-position":"center center","background-size":"auto","background-attachment":"scroll","background-type":"","background-media":"","overlay-type":"","overlay-color":"","overlay-opacity":"","overlay-gradient":""}},"ast-content-background-meta":{"desktop":{"background-color":"var(--ast-global-color-5)","background-image":"","background-repeat":"repeat","background-position":"center center","background-size":"auto","background-attachment":"scroll","background-type":"","background-media":"","overlay-type":"","overlay-color":"","overlay-opacity":"","overlay-gradient":""},"tablet":{"background-color":"var(--ast-global-color-5)","background-image":"","background-repeat":"repeat","background-position":"center center","background-size":"auto","background-attachment":"scroll","background-type":"","background-media":"","overlay-type":"","overlay-color":"","overlay-opacity":"","overlay-gradient":""},"mobile":{"background-color":"var(--ast-global-color-5)","background-image":"","background-repeat":"repeat","background-position":"center center","background-size":"auto","background-attachment":"scroll","background-type":"","background-media":"","overlay-type":"","overlay-color":"","overlay-opacity":"","overlay-gradient":""}},"footnotes":""},"class_list":["post-32668","page","type-page","status-publish","hentry"],"_links":{"self":[{"href":"https:\/\/prov.tljserv.dk\/en\/wp-json\/wp\/v2\/pages\/32668","targetHints":{"allow":["GET"]}}],"collection":[{"href":"https:\/\/prov.tljserv.dk\/en\/wp-json\/wp\/v2\/pages"}],"about":[{"href":"https:\/\/prov.tljserv.dk\/en\/wp-json\/wp\/v2\/types\/page"}],"author":[{"embeddable":true,"href":"https:\/\/prov.tljserv.dk\/en\/wp-json\/wp\/v2\/users\/2"}],"replies":[{"embeddable":true,"href":"https:\/\/prov.tljserv.dk\/en\/wp-json\/wp\/v2\/comments?post=32668"}],"version-history":[{"count":10,"href":"https:\/\/prov.tljserv.dk\/en\/wp-json\/wp\/v2\/pages\/32668\/revisions"}],"predecessor-version":[{"id":36370,"href":"https:\/\/prov.tljserv.dk\/en\/wp-json\/wp\/v2\/pages\/32668\/revisions\/36370"}],"wp:attachment":[{"href":"https:\/\/prov.tljserv.dk\/en\/wp-json\/wp\/v2\/media?parent=32668"}],"curies":[{"name":"wp","href":"https:\/\/api.w.org\/{rel}","templated":true}]}}