{"id":2092,"date":"2021-12-07T13:56:56","date_gmt":"2021-12-07T12:56:56","guid":{"rendered":"https:\/\/tek.tljweb.dk\/?page_id=2092"},"modified":"2026-04-09T09:33:42","modified_gmt":"2026-04-09T07:33:42","slug":"cookiepolitik","status":"publish","type":"page","link":"https:\/\/prov.tljserv.dk\/en\/cookiepolitik\/","title":{"rendered":"Cookie- og privatlivspolitik"},"content":{"rendered":"\t\t<div data-elementor-type=\"wp-page\" data-elementor-id=\"2092\" class=\"elementor elementor-2092\" data-elementor-post-type=\"page\">\n\t\t\t\t\t\t<section class=\"elementor-section elementor-top-section elementor-element elementor-element-126bf2c elementor-section-boxed elementor-section-height-default elementor-section-height-default\" data-id=\"126bf2c\" data-element_type=\"section\" data-e-type=\"section\">\n\t\t\t\t\t\t<div class=\"elementor-container elementor-column-gap-default\">\n\t\t\t\t\t<div class=\"elementor-column elementor-col-100 elementor-top-column elementor-element elementor-element-75ac2ea\" data-id=\"75ac2ea\" data-element_type=\"column\" data-e-type=\"column\">\n\t\t\t<div class=\"elementor-widget-wrap elementor-element-populated\">\n\t\t\t\t\t\t<div class=\"elementor-element elementor-element-2532688 elementor-widget elementor-widget-spacer\" data-id=\"2532688\" data-element_type=\"widget\" data-e-type=\"widget\" data-widget_type=\"spacer.default\">\n\t\t\t\t<div class=\"elementor-widget-container\">\n\t\t\t\t\t\t\t<div class=\"elementor-spacer\">\n\t\t\t<div class=\"elementor-spacer-inner\"><\/div>\n\t\t<\/div>\n\t\t\t\t\t\t<\/div>\n\t\t\t\t<\/div>\n\t\t\t\t\t<\/div>\n\t\t<\/div>\n\t\t\t\t\t<\/div>\n\t\t<\/section>\n\t\t\t\t<section class=\"elementor-section elementor-top-section elementor-element elementor-element-31d04dde elementor-section-boxed elementor-section-height-default elementor-section-height-default\" data-id=\"31d04dde\" data-element_type=\"section\" data-e-type=\"section\">\n\t\t\t\t\t\t<div class=\"elementor-container elementor-column-gap-default\">\n\t\t\t\t\t<div class=\"elementor-column elementor-col-100 elementor-top-column elementor-element elementor-element-6c86e1eb\" data-id=\"6c86e1eb\" data-element_type=\"column\" data-e-type=\"column\">\n\t\t\t<div class=\"elementor-widget-wrap elementor-element-populated\">\n\t\t\t\t\t\t<div class=\"elementor-element elementor-element-4dc1db0 elementor-widget elementor-widget-heading\" data-id=\"4dc1db0\" data-element_type=\"widget\" data-e-type=\"widget\" data-widget_type=\"heading.default\">\n\t\t\t\t<div class=\"elementor-widget-container\">\n\t\t\t\t\t<h1 class=\"elementor-heading-title elementor-size-default\">Cookie og privatlivspolitik<\/h1>\t\t\t\t<\/div>\n\t\t\t\t<\/div>\n\t\t\t\t<div class=\"elementor-element elementor-element-8dbfd8f elementor-widget elementor-widget-heading\" data-id=\"8dbfd8f\" data-element_type=\"widget\" data-e-type=\"widget\" data-widget_type=\"heading.default\">\n\t\t\t\t<div class=\"elementor-widget-container\">\n\t\t\t\t\t<h2 class=\"elementor-heading-title elementor-size-default\">Introduktion<\/h2>\t\t\t\t<\/div>\n\t\t\t\t<\/div>\n\t\t\t\t<div class=\"elementor-element elementor-element-fe4f7c1 elementor-widget elementor-widget-text-editor\" data-id=\"fe4f7c1\" data-element_type=\"widget\" data-e-type=\"widget\" data-widget_type=\"text-editor.default\">\n\t\t\t\t<div class=\"elementor-widget-container\">\n\t\t\t\t\t\t\t\t\t<p>N\u00e5r du klikker rundt p\u00e5 vores hjemmeside, bliver der indsamlet oplysninger om, hvad du klikker p\u00e5 og hvor l\u00e6nge du er p\u00e5 de enkelte sider. Oplysningerne bruger vi til at forbedre indholdet p\u00e5 hjemmesiden, s\u00e5 du kan f\u00e5 en endnu bedre oplevelse.<\/p>\t\t\t\t\t\t\t\t<\/div>\n\t\t\t\t<\/div>\n\t\t\t\t<div class=\"elementor-element elementor-element-a3407ba elementor-widget elementor-widget-heading\" data-id=\"a3407ba\" data-element_type=\"widget\" data-e-type=\"widget\" data-widget_type=\"heading.default\">\n\t\t\t\t<div class=\"elementor-widget-container\">\n\t\t\t\t\t<h2 class=\"elementor-heading-title elementor-size-default\">Cookies<\/h2>\t\t\t\t<\/div>\n\t\t\t\t<\/div>\n\t\t\t\t<div class=\"elementor-element elementor-element-5dff3f9 elementor-widget elementor-widget-text-editor\" data-id=\"5dff3f9\" data-element_type=\"widget\" data-e-type=\"widget\" data-widget_type=\"text-editor.default\">\n\t\t\t\t<div class=\"elementor-widget-container\">\n\t\t\t\t\t\t\t\t\tDenne cookiepolitik forklarer, hvad cookies er, og hvordan vi bruger dem, hvilke typer cookies vi bruger, dvs. de oplysninger, vi indsamler ved hj\u00e6lp af cookies, og hvordan disse oplysninger bruges, og hvordan man kontrollerer cookie-pr\u00e6ferencerne. For yderligere information om, hvordan vi bruger, opbevarer og opbevarer dine personlige data sikre, se vores privatlivspolitik. Du kan til enhver tid \u00e6ndre eller tr\u00e6kke dit samtykke tilbage fra Cookie-erkl\u00e6ringen p\u00e5 vores hjemmeside. L\u00e6r mere om, hvem vi er, hvordan du kan kontakte os, og hvordan vi behandler personoplysninger i vores privatlivspolitik. Dit samtykke g\u00e6lder for f\u00f8lgende dom\u00e6ner: Provak.dk\n[user_consent_state]\t\t\t\t\t\t\t\t<\/div>\n\t\t\t\t<\/div>\n\t\t\t\t<div class=\"elementor-element elementor-element-df5307d elementor-widget elementor-widget-heading\" data-id=\"df5307d\" data-element_type=\"widget\" data-e-type=\"widget\" data-widget_type=\"heading.default\">\n\t\t\t\t<div class=\"elementor-widget-container\">\n\t\t\t\t\t<h2 class=\"elementor-heading-title elementor-size-default\">Hvad er cookies?<\/h2>\t\t\t\t<\/div>\n\t\t\t\t<\/div>\n\t\t\t\t<div class=\"elementor-element elementor-element-b338266 elementor-widget elementor-widget-text-editor\" data-id=\"b338266\" data-element_type=\"widget\" data-e-type=\"widget\" data-widget_type=\"text-editor.default\">\n\t\t\t\t<div class=\"elementor-widget-container\">\n\t\t\t\t\t\t\t\t\t<p>Cookies er sm\u00e5 tekstfiler, der bruges til at gemme sm\u00e5 stykker information. De gemmes p\u00e5 din enhed, n\u00e5r hjemmesiden indl\u00e6ses i din browser. Disse cookies hj\u00e6lper os med at f\u00e5 hjemmesiden til at fungere ordentligt, g\u00f8re den mere sikker, give en bedre brugeroplevelse og forst\u00e5, hvordan hjemmesiden fungerer og analysere, hvad der virker, og hvor den skal forbedres.<\/p>\t\t\t\t\t\t\t\t<\/div>\n\t\t\t\t<\/div>\n\t\t\t\t<div class=\"elementor-element elementor-element-f0b4ab3 elementor-widget elementor-widget-heading\" data-id=\"f0b4ab3\" data-element_type=\"widget\" data-e-type=\"widget\" data-widget_type=\"heading.default\">\n\t\t\t\t<div class=\"elementor-widget-container\">\n\t\t\t\t\t<h2 class=\"elementor-heading-title elementor-size-default\">Hvordan bruger vi cookies?<\/h2>\t\t\t\t<\/div>\n\t\t\t\t<\/div>\n\t\t\t\t<div class=\"elementor-element elementor-element-57eb722 elementor-widget elementor-widget-text-editor\" data-id=\"57eb722\" data-element_type=\"widget\" data-e-type=\"widget\" data-widget_type=\"text-editor.default\">\n\t\t\t\t<div class=\"elementor-widget-container\">\n\t\t\t\t\t\t\t\t\tSom de fleste af onlinetjenesterne bruger vores hjemmeside f\u00f8rsteparts- og tredjepartscookies til flere form\u00e5l. F\u00f8rstepartscookies er for det meste n\u00f8dvendige for, at hjemmesiden fungerer p\u00e5 den rigtige m\u00e5de, og de indsamler ingen af dine personligt identificerbare data.\n\nTredjepartscookies, der bruges p\u00e5 vores websted, er hovedsageligt til at forst\u00e5, hvordan webstedet fungerer, hvordan du interagerer med vores websted, holde vores tjenester sikre, levere annoncer, der er relevante for dig, og alt i alt give dig en bedre og forbedret brugeroplevelse og hj\u00e6lpe med at fremskynde dine fremtidige interaktioner med vores hjemmeside.\t\t\t\t\t\t\t\t<\/div>\n\t\t\t\t<\/div>\n\t\t\t\t<div class=\"elementor-element elementor-element-b36a6c2 elementor-widget elementor-widget-heading\" data-id=\"b36a6c2\" data-element_type=\"widget\" data-e-type=\"widget\" data-widget_type=\"heading.default\">\n\t\t\t\t<div class=\"elementor-widget-container\">\n\t\t\t\t\t<h2 class=\"elementor-heading-title elementor-size-default\">Hvilke typer cookies bruger vi?<\/h2>\t\t\t\t<\/div>\n\t\t\t\t<\/div>\n\t\t\t\t<div class=\"elementor-element elementor-element-8cfbc2d elementor-widget elementor-widget-text-editor\" data-id=\"8cfbc2d\" data-element_type=\"widget\" data-e-type=\"widget\" data-widget_type=\"text-editor.default\">\n\t\t\t\t<div class=\"elementor-widget-container\">\n\t\t\t\t\t\t\t\t\t<p><strong>V\u00e6sentligt:<\/strong> Nogle cookies er essentielle for, at du kan opleve den fulde funktionalitet af vores side. De giver os mulighed for at opretholde brugersessioner og forhindre sikkerhedstrusler. De indsamler eller opbevarer ingen personlige oplysninger. For eksempel giver disse cookies dig mulighed for at logge ind p\u00e5 din konto og tilf\u00f8je produkter til din indk\u00f8bskurv og betale sikkert.<\/p><p><strong>Statistik:<\/strong> Disse cookies gemmer oplysninger som antallet af bes\u00f8gende p\u00e5 hjemmesiden, antallet af unikke bes\u00f8gende, hvilke sider p\u00e5 hjemmesiden der er blevet bes\u00f8gt, kilden til bes\u00f8get osv. Disse data hj\u00e6lper os med at forst\u00e5 og analysere, hvor godt hjemmesiden klarer sig, og hvor den skal forbedres.<\/p><p><strong>Markedsf\u00f8ring:<\/strong> Vores hjemmeside viser annoncer. Disse cookies bruges til at tilpasse de annoncer, vi viser dig, s\u00e5 de er meningsfulde for dig. Disse cookies hj\u00e6lper os ogs\u00e5 med at holde styr p\u00e5 effektiviteten af \u200b\u200bdisse annoncekampagner.<\/p><p>Oplysningerne gemt i disse cookies kan ogs\u00e5 blive brugt af tredjeparts annonceudbydere til ogs\u00e5 at vise dig annoncer p\u00e5 andre websteder i browseren.<\/p><p><strong>Funktionelt:<\/strong> Disse er de cookies, der hj\u00e6lper visse ikke-v\u00e6sentlige funktioner p\u00e5 vores hjemmeside. Disse funktioner omfatter indlejring af indhold som videoer eller deling af indhold p\u00e5 webstedet p\u00e5 sociale medieplatforme.<\/p><p><strong>Preferences:<\/strong> Disse cookies hj\u00e6lper os med at gemme dine indstillinger og browserpr\u00e6ferencer som sprogpr\u00e6ferencer, s\u00e5 du f\u00e5r en bedre og effektiv oplevelse ved fremtidige bes\u00f8g p\u00e5 hjemmesiden.<\/p><p>[cookie_audit columns=&#8221;cookie,description&#8221; heading=&#8221;Listen nedenfor beskriver de cookies, der bruges p\u00e5 vores hjemmeside.&#8221;]<\/p>\t\t\t\t\t\t\t\t<\/div>\n\t\t\t\t<\/div>\n\t\t\t\t<div class=\"elementor-element elementor-element-ebb305a elementor-widget elementor-widget-heading\" data-id=\"ebb305a\" data-element_type=\"widget\" data-e-type=\"widget\" data-widget_type=\"heading.default\">\n\t\t\t\t<div class=\"elementor-widget-container\">\n\t\t\t\t\t<h2 class=\"elementor-heading-title elementor-size-default\">Hvordan kan jeg kontrollere cookie-pr\u00e6ferencerne?<\/h2>\t\t\t\t<\/div>\n\t\t\t\t<\/div>\n\t\t\t\t<div class=\"elementor-element elementor-element-898f37d elementor-widget elementor-widget-text-editor\" data-id=\"898f37d\" data-element_type=\"widget\" data-e-type=\"widget\" data-widget_type=\"text-editor.default\">\n\t\t\t\t<div class=\"elementor-widget-container\">\n\t\t\t\t\t\t\t\t\tHvis du beslutter dig for at \u00e6ndre dine pr\u00e6ferencer senere gennem din browsersession, kan du klikke p\u00e5 fanen &#8220;Privatliv og cookiepolitik&#8221; p\u00e5 din sk\u00e6rm. Dette vil vise samtykkemeddelelsen igen, s\u00e5 du kan \u00e6ndre dine pr\u00e6ferencer eller tr\u00e6kke dit samtykke helt tilbage.\nUd over dette tilbyder forskellige browsere forskellige metoder til at blokere og slette cookies, der bruges af websteder. Du kan \u00e6ndre indstillingerne i din browser for at blokere\/slette cookies. For at finde ud af mere om, hvordan du administrerer og sletter cookies, bes\u00f8g <a href=\"https:\/\/en.wikipedia.org\/wiki\/HTTP_cookie\" target=\"_blank\" rel=\"nofollow noopener\">wikipedia.org<\/a>, <a href=\"https:\/\/www.allaboutcookies.org\/\" target=\"_blank\" rel=\"nofollow noopener\">www.allaboutcookies.org.<\/a>\t\t\t\t\t\t\t\t<\/div>\n\t\t\t\t<\/div>\n\t\t\t\t<div class=\"elementor-element elementor-element-1001a8d elementor-widget elementor-widget-heading\" data-id=\"1001a8d\" data-element_type=\"widget\" data-e-type=\"widget\" data-widget_type=\"heading.default\">\n\t\t\t\t<div class=\"elementor-widget-container\">\n\t\t\t\t\t<h2 class=\"elementor-heading-title elementor-size-default\">Personoplysninger:<\/h2>\t\t\t\t<\/div>\n\t\t\t\t<\/div>\n\t\t\t\t<div class=\"elementor-element elementor-element-6de8fe3 elementor-widget elementor-widget-text-editor\" data-id=\"6de8fe3\" data-element_type=\"widget\" data-e-type=\"widget\" data-widget_type=\"text-editor.default\">\n\t\t\t\t<div class=\"elementor-widget-container\">\n\t\t\t\t\t\t\t\t\t<p><strong>Generelt<\/strong><br \/>Personoplysninger er alle slags informationer, der i et eller andet omfang kan henf\u00f8res til dig. N\u00e5r du benytter vores website indsamler og behandler vi en r\u00e6kke s\u00e5danne informationer. Det sker f.eks. ved alm. tilgang af indhold, hvis du tilmelder dig vores nyhedsbrev, deltager i konkurrencer eller unders\u00f8gelser, registrerer dig som bruger eller abonnent, \u00f8vrig brug af services eller foretager k\u00f8b via websitet.<\/p><p>Vi indsamler og behandler typisk f\u00f8lgende typer af oplysninger: Et unikt ID og tekniske oplysninger om din computer, tablet eller mobiltelefon, dit IP-nummer, geografisk placering, samt hvilke sider du klikker p\u00e5 (interesser). I det omfang du selv giver eksplicit samtykke hertil og selv indtaster informationerne behandles desuden: Navn, telefonnummer, e-mail, adresse og betalings oplysninger. Det vil typisk v\u00e6re i forbindelse med oprettelse af login eller ved k\u00f8b.<\/p>\t\t\t\t\t\t\t\t<\/div>\n\t\t\t\t<\/div>\n\t\t\t\t<div class=\"elementor-element elementor-element-b7c9a9e elementor-widget elementor-widget-text-editor\" data-id=\"b7c9a9e\" data-element_type=\"widget\" data-e-type=\"widget\" data-widget_type=\"text-editor.default\">\n\t\t\t\t<div class=\"elementor-widget-container\">\n\t\t\t\t\t\t\t\t\t<p><strong>Sikkerhed<\/strong><br \/>Vi behandler dine personoplysninger sikkert og fortroligt i overensstemmelse med g\u00e6ldende lovgivning, herunder persondataforordningen og databeskyttelsesloven.<br \/>Dine oplysninger vil alene blive anvendt til det form\u00e5l, de er indsamlet til, og vil blive slettet, n\u00e5r dette form\u00e5l er opfyldt eller ikke l\u00e6ngere relevant.<br \/>Vi har truffet tekniske og organisatoriske foranstaltninger mod, at dine oplysninger h\u00e6ndeligt eller ulovligt bliver slettet, offentliggjort, fortabt, forringet eller kommer til uvedkommendes kendskab, misbruges eller i \u00f8vrigt behandles i strid med lovgivningen.<\/p>\t\t\t\t\t\t\t\t<\/div>\n\t\t\t\t<\/div>\n\t\t\t\t<div class=\"elementor-element elementor-element-e843eff elementor-widget elementor-widget-text-editor\" data-id=\"e843eff\" data-element_type=\"widget\" data-e-type=\"widget\" data-widget_type=\"text-editor.default\">\n\t\t\t\t<div class=\"elementor-widget-container\">\n\t\t\t\t\t\t\t\t\t<p><strong>Form\u00e5l<\/strong><br \/>Oplysningerne bruges til at identificere dig som bruger og vise dig de annoncer, som vil have st\u00f8rst sandsynlighed for at v\u00e6re relevante for dig, at registrere dine k\u00f8b og betalinger, samt at kunne levere de services, du har efterspurgt, som f.eks. at fremsende et nyhedsbrev. Herudover anvender vi oplysningerne til at optimere vores services og indhold.<\/p>\t\t\t\t\t\t\t\t<\/div>\n\t\t\t\t<\/div>\n\t\t\t\t<div class=\"elementor-element elementor-element-4fa9bd4 elementor-widget elementor-widget-text-editor\" data-id=\"4fa9bd4\" data-element_type=\"widget\" data-e-type=\"widget\" data-widget_type=\"text-editor.default\">\n\t\t\t\t<div class=\"elementor-widget-container\">\n\t\t\t\t\t\t\t\t\t<p><strong>Periode for opbevaring<\/strong><br \/>Oplysningerne opbevares i det tidsrum, der er tilladt i henhold til lovgivningen, og vi sletter dem, n\u00e5r de ikke l\u00e6ngere er n\u00f8dvendige. Perioden afh\u00e6nger af karakteren af oplysningen og baggrunden for opbevaring. Det er derfor ikke muligt at angive en generel tidsramme for, hvorn\u00e5r informationer slettes.<\/p>\t\t\t\t\t\t\t\t<\/div>\n\t\t\t\t<\/div>\n\t\t\t\t<div class=\"elementor-element elementor-element-f16ba33 elementor-widget elementor-widget-text-editor\" data-id=\"f16ba33\" data-element_type=\"widget\" data-e-type=\"widget\" data-widget_type=\"text-editor.default\">\n\t\t\t\t<div class=\"elementor-widget-container\">\n\t\t\t\t\t\t\t\t\t<p><strong>Videregivelse af oplysninger<\/strong><br \/>Data om din brug af websitet, hvilke annoncer, du modtager og evt. klikker p\u00e5, geografisk placering, k\u00f8n og alderssegment m.v. videregives til tredjeparter i det omfang disse oplysninger er kendt. Du kan se hvilke tredjeparter, der er tale om, i afsnittet om &#8220;Cookies&#8221; ovenfor. Oplysningerne anvendes til m\u00e5lretning af annoncering.<\/p><p>Vi benytter herudover en r\u00e6kke tredjeparter til opbevaring og behandling af data. Disse behandler udelukkende oplysninger p\u00e5 vores vegne og m\u00e5 ikke anvende dem til egne form\u00e5l.<\/p><p>Videregivelse af personoplysninger som navn og e-mail m.v. vil kun ske, hvis du giver samtykke til det. Vi anvender kun databehandlere i EU eller i lande, der kan give dine oplysninger en tilstr\u00e6kkelig beskyttelse.<\/p>\t\t\t\t\t\t\t\t<\/div>\n\t\t\t\t<\/div>\n\t\t\t\t<div class=\"elementor-element elementor-element-724177d elementor-widget elementor-widget-text-editor\" data-id=\"724177d\" data-element_type=\"widget\" data-e-type=\"widget\" data-widget_type=\"text-editor.default\">\n\t\t\t\t<div class=\"elementor-widget-container\">\n\t\t\t\t\t\t\t\t\t<p><strong>Indsigt og klager<\/strong><br \/>Du har ret til at f\u00e5 oplyst, hvilke personoplysninger, vi behandler om dig i et almindeligt format (dataportabilitet). Du kan desuden til enhver tid g\u00f8re indsigelse mod, at oplysninger anvendes. Du kan ogs\u00e5 tilbagekalde dit samtykke til, at der bliver behandlet oplysninger om dig. Hvis de oplysninger, der behandles om dig, er forkerte har du ret til at de bliver rettet eller slettet. Henvendelse herom kan ske til: <a href=\"mailto:mta@provak.dk\">mta@provak.dk<\/a>\u00a0Hvis du vil klage over vores behandling af dine personoplysninger, har du ogs\u00e5 mulighed for at tage kontakt til\u00a0<a href=\"http:\/\/www.datatilsynet.dk\/\" target=\"_blank\" rel=\"noopener nofollow\">Datatilsynet<\/a>.<br \/>\u00d8nsker du ikke l\u00e6ngere, at vi skal behandle dine personoplysninger, eller at vi skal begr\u00e6nse behandlingen af dine personoplysninger, kan du ogs\u00e5 sende os en anmodning herom til ovenn\u00e6vnte e-mailadresse.<\/p>\t\t\t\t\t\t\t\t<\/div>\n\t\t\t\t<\/div>\n\t\t\t\t<div class=\"elementor-element elementor-element-dbebc26 elementor-widget elementor-widget-text-editor\" data-id=\"dbebc26\" data-element_type=\"widget\" data-e-type=\"widget\" data-widget_type=\"text-editor.default\">\n\t\t\t\t<div class=\"elementor-widget-container\">\n\t\t\t\t\t\t\t\t\t<p><strong>Udgiver<\/strong><br \/>Websitet ejes og publiceres af:<\/p><p>Provak.dk<br \/>Ved Egedam 17, 2<br \/>3400 Hiller\u00f8d<br \/>Telefon: +45 29609004<br \/>Email: <a href=\"mailto:mta@provak.dk\">mta@provak.dk<\/a><\/p>\t\t\t\t\t\t\t\t<\/div>\n\t\t\t\t<\/div>\n\t\t\t\t\t<\/div>\n\t\t<\/div>\n\t\t\t\t\t<\/div>\n\t\t<\/section>\n\t\t\t\t<\/div>\n\t\t","protected":false},"excerpt":{"rendered":"<p>Cookie og privatlivspolitik Introduktion N\u00e5r du klikker rundt p\u00e5 vores hjemmeside, bliver der indsamlet oplysninger om, hvad du klikker p\u00e5 og hvor l\u00e6nge du er p\u00e5 de enkelte sider. Oplysningerne bruger vi til at forbedre indholdet p\u00e5 hjemmesiden, s\u00e5 du kan f\u00e5 en endnu bedre oplevelse. Cookies Denne cookiepolitik forklarer, hvad cookies er, og hvordan [&hellip;]<\/p>\n","protected":false},"author":1,"featured_media":0,"parent":0,"menu_order":0,"comment_status":"closed","ping_status":"closed","template":"elementor_header_footer","meta":{"_oct_exclude_from_cache":false,"site-sidebar-layout":"default","site-content-layout":"","ast-site-content-layout":"default","site-content-style":"default","site-sidebar-style":"default","ast-global-header-display":"","ast-banner-title-visibility":"","ast-main-header-display":"","ast-hfb-above-header-display":"","ast-hfb-below-header-display":"","ast-hfb-mobile-header-display":"","site-post-title":"","ast-breadcrumbs-content":"","ast-featured-img":"","footer-sml-layout":"","ast-disable-related-posts":"","theme-transparent-header-meta":"","adv-header-id-meta":"","stick-header-meta":"","header-above-stick-meta":"","header-main-stick-meta":"","header-below-stick-meta":"","astra-migrate-meta-layouts":"default","ast-page-background-enabled":"default","ast-page-background-meta":{"desktop":{"background-color":"var(--ast-global-color-4)","background-image":"","background-repeat":"repeat","background-position":"center center","background-size":"auto","background-attachment":"scroll","background-type":"","background-media":"","overlay-type":"","overlay-color":"","overlay-opacity":"","overlay-gradient":""},"tablet":{"background-color":"","background-image":"","background-repeat":"repeat","background-position":"center center","background-size":"auto","background-attachment":"scroll","background-type":"","background-media":"","overlay-type":"","overlay-color":"","overlay-opacity":"","overlay-gradient":""},"mobile":{"background-color":"","background-image":"","background-repeat":"repeat","background-position":"center center","background-size":"auto","background-attachment":"scroll","background-type":"","background-media":"","overlay-type":"","overlay-color":"","overlay-opacity":"","overlay-gradient":""}},"ast-content-background-meta":{"desktop":{"background-color":"var(--ast-global-color-5)","background-image":"","background-repeat":"repeat","background-position":"center center","background-size":"auto","background-attachment":"scroll","background-type":"","background-media":"","overlay-type":"","overlay-color":"","overlay-opacity":"","overlay-gradient":""},"tablet":{"background-color":"var(--ast-global-color-5)","background-image":"","background-repeat":"repeat","background-position":"center center","background-size":"auto","background-attachment":"scroll","background-type":"","background-media":"","overlay-type":"","overlay-color":"","overlay-opacity":"","overlay-gradient":""},"mobile":{"background-color":"var(--ast-global-color-5)","background-image":"","background-repeat":"repeat","background-position":"center center","background-size":"auto","background-attachment":"scroll","background-type":"","background-media":"","overlay-type":"","overlay-color":"","overlay-opacity":"","overlay-gradient":""}},"footnotes":""},"class_list":["post-2092","page","type-page","status-publish","hentry"],"_links":{"self":[{"href":"https:\/\/prov.tljserv.dk\/en\/wp-json\/wp\/v2\/pages\/2092","targetHints":{"allow":["GET"]}}],"collection":[{"href":"https:\/\/prov.tljserv.dk\/en\/wp-json\/wp\/v2\/pages"}],"about":[{"href":"https:\/\/prov.tljserv.dk\/en\/wp-json\/wp\/v2\/types\/page"}],"author":[{"embeddable":true,"href":"https:\/\/prov.tljserv.dk\/en\/wp-json\/wp\/v2\/users\/1"}],"replies":[{"embeddable":true,"href":"https:\/\/prov.tljserv.dk\/en\/wp-json\/wp\/v2\/comments?post=2092"}],"version-history":[{"count":1,"href":"https:\/\/prov.tljserv.dk\/en\/wp-json\/wp\/v2\/pages\/2092\/revisions"}],"predecessor-version":[{"id":36319,"href":"https:\/\/prov.tljserv.dk\/en\/wp-json\/wp\/v2\/pages\/2092\/revisions\/36319"}],"wp:attachment":[{"href":"https:\/\/prov.tljserv.dk\/en\/wp-json\/wp\/v2\/media?parent=2092"}],"curies":[{"name":"wp","href":"https:\/\/api.w.org\/{rel}","templated":true}]}}